{"id":2108,"date":"2020-07-15T18:07:32","date_gmt":"2020-07-15T15:07:32","guid":{"rendered":"https:\/\/sweetfresh.com.tr\/en\/?page_id=2108"},"modified":"2021-08-17T20:09:15","modified_gmt":"2021-08-17T17:09:15","slug":"aboutus","status":"publish","type":"page","link":"https:\/\/sweetfresh.com.tr\/en\/?page_id=2108","title":{"rendered":"About Us"},"content":{"rendered":"<p>[vc_row][vc_column width=&#8221;1\/2&#8243;][vc_empty_space height=&#8221;38px&#8221;][vc_column_text]<\/p>\n<h4>About Us<\/h4>\n<p><strong>Greenhealth Sa\u011fl\u0131k G\u0131da Ltd \u015eti.<\/strong> has national and international goals. We adopted the principle of innovation in our sector and have a hygienic automated production in European standards.<br \/>\nWe provide sugar-free candies without food colorings as we take into account human health.<\/p>\n<h4>Our Mission<\/h4>\n<p>To become the leading, innovative company with a strong brand in its sector.<\/p>\n<h4>Our Vision<\/h4>\n<p>To become a valued brand both nationally and internationally by continuously improving our quality, technology and production conditions.[\/vc_column_text][\/vc_column][vc_column width=&#8221;1\/2&#8243;][vc_single_image image=&#8221;2198&#8243; img_size=&#8221;full&#8221;][\/vc_column][\/vc_row]<\/p>\n","protected":false},"excerpt":{"rendered":"<p>[vc_row][vc_column width=&#8221;1\/2&#8243;][vc_empty_space height=&#8221;38px&#8221;][vc_column_text] About Us Greenhealth Sa\u011fl\u0131k G\u0131da Ltd \u015eti. has national and international goals. We adopted the principle of innovation in our sector and have a hygienic automated production in European standards. We provide sugar-free candies without food colorings as we take into account human health. Our Mission To become the leading, innovative company [&hellip;]<\/p>\n","protected":false},"author":1,"featured_media":0,"parent":0,"menu_order":3,"comment_status":"closed","ping_status":"closed","template":"","meta":{"footnotes":""},"aioseo_notices":[],"_links":{"self":[{"href":"https:\/\/sweetfresh.com.tr\/en\/index.php?rest_route=\/wp\/v2\/pages\/2108"}],"collection":[{"href":"https:\/\/sweetfresh.com.tr\/en\/index.php?rest_route=\/wp\/v2\/pages"}],"about":[{"href":"https:\/\/sweetfresh.com.tr\/en\/index.php?rest_route=\/wp\/v2\/types\/page"}],"author":[{"embeddable":true,"href":"https:\/\/sweetfresh.com.tr\/en\/index.php?rest_route=\/wp\/v2\/users\/1"}],"replies":[{"embeddable":true,"href":"https:\/\/sweetfresh.com.tr\/en\/index.php?rest_route=%2Fwp%2Fv2%2Fcomments&post=2108"}],"version-history":[{"count":15,"href":"https:\/\/sweetfresh.com.tr\/en\/index.php?rest_route=\/wp\/v2\/pages\/2108\/revisions"}],"predecessor-version":[{"id":2371,"href":"https:\/\/sweetfresh.com.tr\/en\/index.php?rest_route=\/wp\/v2\/pages\/2108\/revisions\/2371"}],"wp:attachment":[{"href":"https:\/\/sweetfresh.com.tr\/en\/index.php?rest_route=%2Fwp%2Fv2%2Fmedia&parent=2108"}],"curies":[{"name":"wp","href":"https:\/\/api.w.org\/{rel}","templated":true}]}}